{"id":2888,"date":"2024-08-08T07:23:31","date_gmt":"2024-08-08T06:23:31","guid":{"rendered":"https:\/\/jspfashion.com\/?page_id=2888"},"modified":"2024-12-30T09:56:21","modified_gmt":"2024-12-30T09:56:21","slug":"payment-methods","status":"publish","type":"page","link":"https:\/\/jspfashion.com\/en\/info-stranice\/nacini-placanja\/","title":{"rendered":"Payment Methods"},"content":{"rendered":"<div data-elementor-type=\"wp-page\" data-elementor-id=\"2888\" class=\"elementor elementor-2888\" data-elementor-post-type=\"page\">\n\t\t\t\t<div class=\"wd-negative-gap elementor-element elementor-element-8c3611c e-flex e-con-boxed e-con e-parent\" data-id=\"8c3611c\" data-element_type=\"container\" data-e-type=\"container\">\n\t\t\t\t\t<div class=\"e-con-inner\">\n\t\t\t\t<div class=\"elementor-element elementor-element-b6b6d8d elementor-widget elementor-widget-heading\" data-id=\"b6b6d8d\" data-element_type=\"widget\" data-e-type=\"widget\" data-widget_type=\"heading.default\">\n\t\t\t\t<div class=\"elementor-widget-container\">\n\t\t\t\t\t<h1 class=\"elementor-heading-title elementor-size-default\">Payment Methods<\/h1>\t\t\t\t<\/div>\n\t\t\t\t<\/div>\n\t\t\t\t<div class=\"elementor-element elementor-element-525350d color-scheme-inherit text-left elementor-widget elementor-widget-text-editor\" data-id=\"525350d\" data-element_type=\"widget\" data-e-type=\"widget\" data-widget_type=\"text-editor.default\">\n\t\t\t\t<div class=\"elementor-widget-container\">\n\t\t\t\t\t\t\t\t\t<p><span style=\"font-weight: 400;\">You can pay for the products you wish to order from the JSP FASHION online shop in several ways:<\/span><\/p><ul><li style=\"font-weight: 400;\" aria-level=\"1\"><span style=\"font-weight: 400;\">Cash on collection<\/span><\/li><li style=\"font-weight: 400;\" aria-level=\"1\"><span style=\"font-weight: 400;\">Payment by payment card (online, during the purchase process on the website)\u00a0<\/span><\/li><\/ul><p><b>Cash on delivery<\/b><\/p><p><span style=\"font-weight: 400;\">When collecting a parcel you have previously ordered via our website <\/span><b>www.jspfashion.com<\/b><span style=\"font-weight: 400;\">, Payment for the order is to be made exclusively in cash, in the currency of the dinar, to the courier from our partner courier service, AKS, who delivers the parcel to you.<\/span><\/p><p><b>Payment by card<\/b><\/p><p><span style=\"font-weight: 400;\">You can pay for your order using a Visa, Visa Electron, MasterCard or Maestro card. The card must be authorised by the issuing bank for online payments.<\/span><\/p><p><span style=\"font-weight: 400;\">When ordering online, upon selecting the appropriate payment method, you will be redirected to OTP Bank's secure and protected page for this type of payment. At no point is your payment card information accessible to our system.<\/span><\/p><p><span style=\"font-weight: 400;\">On this page, you need to enter the following information:<\/span><\/p><ul><li style=\"font-weight: 400;\" aria-level=\"1\"><span style=\"font-weight: 400;\">Card number<\/span><\/li><li style=\"font-weight: 400;\" aria-level=\"1\"><span style=\"font-weight: 400;\">Expiry date<\/span><\/li><li style=\"font-weight: 400;\" aria-level=\"1\"><span style=\"font-weight: 400;\">The CVC2\/CVV2 code, which you can read from your card.<\/span><\/li><\/ul><p><span style=\"font-weight: 400;\">Data entry and verification are carried out exclusively between the cardholder and Intesa Bank, and the online merchant has no insight into the data exchanged. Payment is not possible in foreign currency, but exclusively in RSD. Payment can be made with payment cards from domestic and foreign banks.<\/span><\/p><p><span style=\"font-weight: 400;\">We wish you a successful purchase.,<\/span><\/p><p><span style=\"font-weight: 400;\">Your JSP FASHION!<\/span><\/p>\t\t\t\t\t\t\t\t<\/div>\n\t\t\t\t<\/div>\n\t\t\t\t\t<\/div>\n\t\t\t\t<\/div>\n\t\t\t\t<\/div>","protected":false},"excerpt":{"rendered":"<p>Na\u010dini pla\u0107anja Proizvode koje \u017eelite da poru\u010dite putem JSP FASHION internet prodavnice, mo\u017eete platiti na vi\u0161e na\u010dina: Pla\u0107anje gotovinom, prilikom<\/p>","protected":false},"author":8,"featured_media":0,"parent":15764,"menu_order":0,"comment_status":"closed","ping_status":"closed","template":"elementor_header_footer","meta":{"_acf_changed":false,"footnotes":""},"class_list":["post-2888","page","type-page","status-publish","hentry"],"acf":[],"jetpack_sharing_enabled":true,"_links":{"self":[{"href":"https:\/\/jspfashion.com\/en\/wp-json\/wp\/v2\/pages\/2888","targetHints":{"allow":["GET"]}}],"collection":[{"href":"https:\/\/jspfashion.com\/en\/wp-json\/wp\/v2\/pages"}],"about":[{"href":"https:\/\/jspfashion.com\/en\/wp-json\/wp\/v2\/types\/page"}],"author":[{"embeddable":true,"href":"https:\/\/jspfashion.com\/en\/wp-json\/wp\/v2\/users\/8"}],"replies":[{"embeddable":true,"href":"https:\/\/jspfashion.com\/en\/wp-json\/wp\/v2\/comments?post=2888"}],"version-history":[{"count":0,"href":"https:\/\/jspfashion.com\/en\/wp-json\/wp\/v2\/pages\/2888\/revisions"}],"up":[{"embeddable":true,"href":"https:\/\/jspfashion.com\/en\/wp-json\/wp\/v2\/pages\/15764"}],"wp:attachment":[{"href":"https:\/\/jspfashion.com\/en\/wp-json\/wp\/v2\/media?parent=2888"}],"curies":[{"name":"Wordpress","href":"https:\/\/api.w.org\/{rel}","templated":true}]}}