{"id":2905,"date":"2024-08-08T07:32:53","date_gmt":"2024-08-08T06:32:53","guid":{"rendered":"https:\/\/jspfashion.com\/?page_id=2905"},"modified":"2024-12-30T09:56:55","modified_gmt":"2024-12-30T09:56:55","slug":"card-registration","status":"publish","type":"page","link":"https:\/\/jspfashion.com\/en\/info-stranice\/registracija-kartice\/","title":{"rendered":"Card Registration"},"content":{"rendered":"<div data-elementor-type=\"wp-page\" data-elementor-id=\"2905\" class=\"elementor elementor-2905\" data-elementor-post-type=\"page\">\n\t\t\t\t<div class=\"wd-negative-gap elementor-element elementor-element-947e26a e-flex e-con-boxed e-con e-parent\" data-id=\"947e26a\" data-element_type=\"container\" data-e-type=\"container\">\n\t\t\t\t\t<div class=\"e-con-inner\">\n\t\t\t\t<div class=\"elementor-element elementor-element-d9a8ec3 elementor-widget elementor-widget-heading\" data-id=\"d9a8ec3\" data-element_type=\"widget\" data-e-type=\"widget\" data-widget_type=\"heading.default\">\n\t\t\t\t<div class=\"elementor-widget-container\">\n\t\t\t\t\t<h1 class=\"elementor-heading-title elementor-size-default\">Card Registration<\/h1>\t\t\t\t<\/div>\n\t\t\t\t<\/div>\n\t\t\t\t<div class=\"elementor-element elementor-element-01325f7 color-scheme-inherit text-left elementor-widget elementor-widget-text-editor\" data-id=\"01325f7\" data-element_type=\"widget\" data-e-type=\"widget\" data-widget_type=\"text-editor.default\">\n\t\t\t\t<div class=\"elementor-widget-container\">\n\t\t\t\t\t\t\t\t\t<p><span style=\"font-weight: 400;\">Registration and card saving are not enabled or permitted on our eCommerce platform.<\/span><\/p><p><span style=\"font-weight: 400;\">Alternatively, when a customer's card data is TOKENISED at their request or at the merchant's discretion (stored in a certified manner for later use), this data is kept on the certified servers of the OTP bank. Such tokenised card data is then transmitted in a completely secure and certified manner.<\/span><\/p><p><span style=\"font-weight: 400;\">The merchant never has access to the card number or other sensitive data at any point; instead, they receive a reference number (token) that only they can use in accordance with the terms agreed with the customer.<\/span><\/p>\t\t\t\t\t\t\t\t<\/div>\n\t\t\t\t<\/div>\n\t\t\t\t\t<\/div>\n\t\t\t\t<\/div>\n\t\t\t\t<\/div>","protected":false},"excerpt":{"rendered":"<p>Registracija kartice Na na\u0161oj eCommerce platformi nije omogu\u0107ena niti dozvoljena registracija i \u010duvanje kartica. U suprotnom, kada se podaci o<\/p>","protected":false},"author":8,"featured_media":0,"parent":15764,"menu_order":0,"comment_status":"closed","ping_status":"closed","template":"elementor_header_footer","meta":{"_acf_changed":false,"footnotes":""},"class_list":["post-2905","page","type-page","status-publish","hentry"],"acf":[],"jetpack_sharing_enabled":true,"_links":{"self":[{"href":"https:\/\/jspfashion.com\/en\/wp-json\/wp\/v2\/pages\/2905","targetHints":{"allow":["GET"]}}],"collection":[{"href":"https:\/\/jspfashion.com\/en\/wp-json\/wp\/v2\/pages"}],"about":[{"href":"https:\/\/jspfashion.com\/en\/wp-json\/wp\/v2\/types\/page"}],"author":[{"embeddable":true,"href":"https:\/\/jspfashion.com\/en\/wp-json\/wp\/v2\/users\/8"}],"replies":[{"embeddable":true,"href":"https:\/\/jspfashion.com\/en\/wp-json\/wp\/v2\/comments?post=2905"}],"version-history":[{"count":0,"href":"https:\/\/jspfashion.com\/en\/wp-json\/wp\/v2\/pages\/2905\/revisions"}],"up":[{"embeddable":true,"href":"https:\/\/jspfashion.com\/en\/wp-json\/wp\/v2\/pages\/15764"}],"wp:attachment":[{"href":"https:\/\/jspfashion.com\/en\/wp-json\/wp\/v2\/media?parent=2905"}],"curies":[{"name":"Wordpress","href":"https:\/\/api.w.org\/{rel}","templated":true}]}}