{"id":2938,"date":"2024-08-08T07:44:40","date_gmt":"2024-08-08T06:44:40","guid":{"rendered":"https:\/\/jspfashion.com\/?page_id=2938"},"modified":"2024-12-30T09:56:50","modified_gmt":"2024-12-30T09:56:50","slug":"access-to-data","status":"publish","type":"page","link":"https:\/\/jspfashion.com\/en\/info-stranice\/pristup-podacima\/","title":{"rendered":"Data Access"},"content":{"rendered":"<div data-elementor-type=\"wp-page\" data-elementor-id=\"2938\" class=\"elementor elementor-2938\" data-elementor-post-type=\"page\">\n\t\t\t\t<div class=\"wd-negative-gap elementor-element elementor-element-571c943 e-flex e-con-boxed e-con e-parent\" data-id=\"571c943\" data-element_type=\"container\" data-e-type=\"container\">\n\t\t\t\t\t<div class=\"e-con-inner\">\n\t\t\t\t<div class=\"elementor-element elementor-element-d6b77d5 elementor-widget elementor-widget-heading\" data-id=\"d6b77d5\" data-element_type=\"widget\" data-e-type=\"widget\" data-widget_type=\"heading.default\">\n\t\t\t\t<div class=\"elementor-widget-container\">\n\t\t\t\t\t<h1 class=\"elementor-heading-title elementor-size-default\">Data Access<\/h1>\t\t\t\t<\/div>\n\t\t\t\t<\/div>\n\t\t\t\t<div class=\"elementor-element elementor-element-45ac846 color-scheme-inherit text-left elementor-widget elementor-widget-text-editor\" data-id=\"45ac846\" data-element_type=\"widget\" data-e-type=\"widget\" data-widget_type=\"text-editor.default\">\n\t\t\t\t<div class=\"elementor-widget-container\">\n\t\t\t\t\t\t\t\t\t<p><span style=\"font-weight: 400;\">Users may be asked for their first name, surname, email address, and telephone number if necessary, while cookies collect users' IP addresses, unless the User has configured their browser and privacy settings otherwise on our website.<\/span><\/p><p><span style=\"font-weight: 400;\">Users can visit our website anonymously. We collect personal data only if a user of our website consents to the collection of data in accordance with this privacy policy. JSP FASHION collects personal, identifying data from Users in the following ways:<\/span><\/p><ul><li style=\"font-weight: 400;\" aria-level=\"1\"><span style=\"font-weight: 400;\">I can contact the form.<\/span><\/li><li style=\"font-weight: 400;\" aria-level=\"1\"><span style=\"font-weight: 400;\">Download brochure forms<\/span><\/li><li style=\"font-weight: 400;\" aria-level=\"1\"><span style=\"font-weight: 400;\">Through cookies in the browser, and in connection with the services, activities, resources and functions available on our website.<\/span><\/li><\/ul><p><span style=\"font-weight: 400;\">Users can always refuse to provide their personal data, in which case they may be denied certain functionalities and the ability to perform specific activities and actions on the website.<\/span><\/p><p><span style=\"font-weight: 400;\">JSP FASHION reserves the right to collect non-personal identification data from Users, such as that about their browser, type of computer and technical information about the means of connection to our website, such as the computer's operating system and Internet provider, for the purposes of statistical analysis and improving its digital assets.<\/span><\/p><p><span style=\"font-weight: 400;\">JSP FASHION will not provide your personal data to third parties, unless required to do so by law.<\/span><\/p><p><span style=\"font-weight: 400;\">In accordance with current legal regulations, pursuant to the Law on the Protection of Personal Data (\u201cOfficial Gazette of the Republic of Serbia\u201d no. 97\/2008, 104\/2009, dr. zakon, 68\/2012 \u2013 decision of the Constitutional Court and 107\/2012), and GDPR regulations, the following rights are provided to the Website User:<\/span><\/p><ul><li style=\"font-weight: 400;\" aria-level=\"1\"><span style=\"font-weight: 400;\">To be thoroughly familiar with the data being collected, the method of collection, and the management of the data.<\/span><\/li><li style=\"font-weight: 400;\" aria-level=\"1\"><span style=\"font-weight: 400;\">To request their personal data for inspection<\/span><\/li><li style=\"font-weight: 400;\" aria-level=\"1\"><span style=\"font-weight: 400;\">To request that his personal data be erased from the database and forgotten<\/span><\/li><li style=\"font-weight: 400;\" aria-level=\"1\"><span style=\"font-weight: 400;\">To unsubscribe from the email list at any time, to which they previously subscribed via the Newsletter registration.<\/span><\/li><\/ul><p>\u00a0<\/p>\t\t\t\t\t\t\t\t<\/div>\n\t\t\t\t<\/div>\n\t\t\t\t\t<\/div>\n\t\t\t\t<\/div>\n\t\t\t\t<\/div>","protected":false},"excerpt":{"rendered":"<p>Pristup podacima Korisnicima sajta se, ukoliko je to potrebno, mogu tra\u017eiti ime, prezime, email adresa, broj telefona, dok kola\u010di\u0107i prikupljaju<\/p>","protected":false},"author":8,"featured_media":0,"parent":15764,"menu_order":0,"comment_status":"closed","ping_status":"closed","template":"elementor_header_footer","meta":{"_acf_changed":false,"footnotes":""},"class_list":["post-2938","page","type-page","status-publish","hentry"],"acf":[],"jetpack_sharing_enabled":true,"_links":{"self":[{"href":"https:\/\/jspfashion.com\/en\/wp-json\/wp\/v2\/pages\/2938","targetHints":{"allow":["GET"]}}],"collection":[{"href":"https:\/\/jspfashion.com\/en\/wp-json\/wp\/v2\/pages"}],"about":[{"href":"https:\/\/jspfashion.com\/en\/wp-json\/wp\/v2\/types\/page"}],"author":[{"embeddable":true,"href":"https:\/\/jspfashion.com\/en\/wp-json\/wp\/v2\/users\/8"}],"replies":[{"embeddable":true,"href":"https:\/\/jspfashion.com\/en\/wp-json\/wp\/v2\/comments?post=2938"}],"version-history":[{"count":0,"href":"https:\/\/jspfashion.com\/en\/wp-json\/wp\/v2\/pages\/2938\/revisions"}],"up":[{"embeddable":true,"href":"https:\/\/jspfashion.com\/en\/wp-json\/wp\/v2\/pages\/15764"}],"wp:attachment":[{"href":"https:\/\/jspfashion.com\/en\/wp-json\/wp\/v2\/media?parent=2938"}],"curies":[{"name":"Wordpress","href":"https:\/\/api.w.org\/{rel}","templated":true}]}}