{"id":2943,"date":"2024-08-08T07:45:36","date_gmt":"2024-08-08T06:45:36","guid":{"rendered":"https:\/\/jspfashion.com\/?page_id=2943"},"modified":"2024-12-30T09:56:24","modified_gmt":"2024-12-30T09:56:24","slug":"about-the-biscuits","status":"publish","type":"page","link":"https:\/\/jspfashion.com\/en\/info-stranice\/o-kolacicima\/","title":{"rendered":"About Cookies"},"content":{"rendered":"<div data-elementor-type=\"wp-page\" data-elementor-id=\"2943\" class=\"elementor elementor-2943\" data-elementor-post-type=\"page\">\n\t\t\t\t<div class=\"wd-negative-gap elementor-element elementor-element-8f8e9a3 e-flex e-con-boxed e-con e-parent\" data-id=\"8f8e9a3\" data-element_type=\"container\" data-e-type=\"container\">\n\t\t\t\t\t<div class=\"e-con-inner\">\n\t\t\t\t<div class=\"elementor-element elementor-element-6cb9af1 elementor-widget elementor-widget-heading\" data-id=\"6cb9af1\" data-element_type=\"widget\" data-e-type=\"widget\" data-widget_type=\"heading.default\">\n\t\t\t\t<div class=\"elementor-widget-container\">\n\t\t\t\t\t<h1 class=\"elementor-heading-title elementor-size-default\">About Cookies<\/h1>\t\t\t\t<\/div>\n\t\t\t\t<\/div>\n\t\t\t\t<div class=\"elementor-element elementor-element-536dacd color-scheme-inherit text-left elementor-widget elementor-widget-text-editor\" data-id=\"536dacd\" data-element_type=\"widget\" data-e-type=\"widget\" data-widget_type=\"text-editor.default\">\n\t\t\t\t<div class=\"elementor-widget-container\">\n\t\t\t\t\t\t\t\t\t<p><span style=\"font-weight: 400;\">We use cookies to personalise content and ads, provide social media features, and analyse traffic. We also share information about how you use the site with social media, advertising and analytics partners who may combine it with other information you have provided to them or that they have collected from your use of their services. If you continue to use our websites, you agree to our use of cookies.<\/span><\/p><p><b>What are cookies?<\/b><\/p><p><span style=\"font-weight: 400;\">Cookies are small text files that websites can use to make the user experience more efficient. The law states that we can store cookies on your device if they are strictly necessary for the operation of this site. For all other types of cookies, we need your consent.<\/span><\/p><p><span style=\"font-weight: 400;\">This site uses various types of cookies. Some cookies that appear on our pages are set by third-party services. You can change or withdraw your consent at any time from the Cookie Declaration on our websites.<\/span><\/p><p><b>Which cookies do we use?<\/b><\/p><p><b>Essential cookies<\/b><\/p><p><span style=\"font-weight: 400;\">Strictly necessary cookies help to make the website usable by enabling basic functions such as page navigation and access to secure areas of the website. The website cannot function properly without these cookies.<\/span><\/p><p><b>Functional cookies<\/b><\/p><p><span style=\"font-weight: 400;\">Functional cookies allow the website to remember information that changes the way the website behaves or looks, such as your preferred language or the region you are in.<\/span><\/p><p><b>Statistical cookies<\/b><\/p><p><span style=\"font-weight: 400;\">Statistical cookies help website owners to understand visitor interaction with the website by collecting information and reporting anonymously.<\/span><\/p><p><b>Marketing cookies<\/b><\/p><p><span style=\"font-weight: 400;\">Marketing cookies are used to track visitors across websites. The intention is to display adverts that are relevant and engaging for the individual user and therefore of greater value for publishers and third-party advertisers.<\/span><\/p><p><b>Third-party cookies<\/b><\/p><p><span style=\"font-weight: 400;\">For more information about Google cookies <\/span><a href=\"https:\/\/developers.google.com\/analytics\/devguides\/collection\/analyticsjs\/cookie-usage?hl=en\" target=\"_blank\" rel=\"noopener\"><b>Click here<\/b><\/a><span style=\"font-weight: 400;\">. You can find information about Facebook cookies. <\/span><a href=\"https:\/\/www.facebook.com\/policy\/cookies\/\" target=\"_blank\" rel=\"noopener\"><b>here<\/b><\/a><span style=\"font-weight: 400;\">. You can find information about AddThis cookies. <\/span><a href=\"http:\/\/www.addthis.com\/privacy\" target=\"_blank\" rel=\"noopener\"><b>here<\/b><\/a><span style=\"font-weight: 400;\">.<\/span><\/p>\t\t\t\t\t\t\t\t<\/div>\n\t\t\t\t<\/div>\n\t\t\t\t\t<\/div>\n\t\t\t\t<\/div>\n\t\t\t\t<\/div>","protected":false},"excerpt":{"rendered":"<p>O kola\u010di\u0107ima Koristimo kola\u010di\u0107e za personalizaciju sadr\u017eaja i oglasa, pru\u017eanje funkcija dru\u0161tvenih medija i analiziranje saobra\u0107aja. Tako\u0111e delimo informacije o<\/p>","protected":false},"author":8,"featured_media":0,"parent":15764,"menu_order":0,"comment_status":"closed","ping_status":"closed","template":"elementor_header_footer","meta":{"_acf_changed":false,"footnotes":""},"class_list":["post-2943","page","type-page","status-publish","hentry"],"acf":[],"jetpack_sharing_enabled":true,"_links":{"self":[{"href":"https:\/\/jspfashion.com\/en\/wp-json\/wp\/v2\/pages\/2943","targetHints":{"allow":["GET"]}}],"collection":[{"href":"https:\/\/jspfashion.com\/en\/wp-json\/wp\/v2\/pages"}],"about":[{"href":"https:\/\/jspfashion.com\/en\/wp-json\/wp\/v2\/types\/page"}],"author":[{"embeddable":true,"href":"https:\/\/jspfashion.com\/en\/wp-json\/wp\/v2\/users\/8"}],"replies":[{"embeddable":true,"href":"https:\/\/jspfashion.com\/en\/wp-json\/wp\/v2\/comments?post=2943"}],"version-history":[{"count":0,"href":"https:\/\/jspfashion.com\/en\/wp-json\/wp\/v2\/pages\/2943\/revisions"}],"up":[{"embeddable":true,"href":"https:\/\/jspfashion.com\/en\/wp-json\/wp\/v2\/pages\/15764"}],"wp:attachment":[{"href":"https:\/\/jspfashion.com\/en\/wp-json\/wp\/v2\/media?parent=2943"}],"curies":[{"name":"Wordpress","href":"https:\/\/api.w.org\/{rel}","templated":true}]}}