{"id":3057,"date":"2024-08-21T10:12:38","date_gmt":"2024-08-21T09:12:38","guid":{"rendered":"https:\/\/jspfashion.com\/?page_id=3057"},"modified":"2024-12-30T09:57:04","modified_gmt":"2024-12-30T09:57:04","slug":"exchange-of-goods","status":"publish","type":"page","link":"https:\/\/jspfashion.com\/en\/info-stranice\/zamena-robe\/","title":{"rendered":"Product Exchange"},"content":{"rendered":"\t\t<div data-elementor-type=\"wp-page\" data-elementor-id=\"3057\" class=\"elementor elementor-3057\" data-elementor-post-type=\"page\">\n\t\t\t\t<div class=\"wd-negative-gap elementor-element elementor-element-abb31c7 e-flex e-con-boxed e-con e-parent\" data-id=\"abb31c7\" data-element_type=\"container\" data-e-type=\"container\">\n\t\t\t\t\t<div class=\"e-con-inner\">\n\t\t\t\t<div class=\"elementor-element elementor-element-be993fd elementor-widget elementor-widget-heading\" data-id=\"be993fd\" data-element_type=\"widget\" data-e-type=\"widget\" data-widget_type=\"heading.default\">\n\t\t\t\t<div class=\"elementor-widget-container\">\n\t\t\t\t\t<h2 class=\"elementor-heading-title elementor-size-default\">Zamena robe<\/h2>\t\t\t\t<\/div>\n\t\t\t\t<\/div>\n\t\t\t\t<div class=\"elementor-element elementor-element-ee98e33 color-scheme-inherit text-left elementor-widget elementor-widget-text-editor\" data-id=\"ee98e33\" data-element_type=\"widget\" data-e-type=\"widget\" data-widget_type=\"text-editor.default\">\n\t\t\t\t<div class=\"elementor-widget-container\">\n\t\t\t\t\t\t\t\t\t<p>Molimo Vas da popunite formular za zamenu robe.<\/p>\t\t\t\t\t\t\t\t<\/div>\n\t\t\t\t<\/div>\n\t\t<div class=\"wd-negative-gap elementor-element elementor-element-40ba79d e-flex e-con-boxed e-con e-child\" data-id=\"40ba79d\" data-element_type=\"container\" data-e-type=\"container\">\n\t\t\t\t\t<div class=\"e-con-inner\">\n\t\t<div class=\"wd-negative-gap elementor-element elementor-element-58cc20a e-flex e-con-boxed e-con e-child\" data-id=\"58cc20a\" data-element_type=\"container\" data-e-type=\"container\">\n\t\t\t\t\t<div class=\"e-con-inner\">\n\t\t\t\t<div class=\"elementor-element elementor-element-047edb8 elementor-widget elementor-widget-heading\" data-id=\"047edb8\" data-element_type=\"widget\" data-e-type=\"widget\" data-widget_type=\"heading.default\">\n\t\t\t\t<div class=\"elementor-widget-container\">\n\t\t\t\t\t<h3 class=\"elementor-heading-title elementor-size-default\">Istorija porud\u017ebine<\/h3>\t\t\t\t<\/div>\n\t\t\t\t<\/div>\n\t\t\t\t<div class=\"elementor-element elementor-element-dd17a10 elementor-button-align-stretch elementor-widget elementor-widget-form\" data-id=\"dd17a10\" data-element_type=\"widget\" data-e-type=\"widget\" data-settings=\"{&quot;step_next_label&quot;:&quot;Slede\\u0107i&quot;,&quot;step_previous_label&quot;:&quot;Prethodna&quot;,&quot;button_width&quot;:&quot;100&quot;,&quot;step_type&quot;:&quot;number_text&quot;,&quot;step_icon_shape&quot;:&quot;circle&quot;}\" data-widget_type=\"form.default\">\n\t\t\t\t<div class=\"elementor-widget-container\">\n\t\t\t\t\t\t\t<form class=\"elementor-form\" method=\"post\" name=\"Istorija porud\u017ebine\" aria-label=\"Istorija porud\u017ebine\">\n\t\t\t<input type=\"hidden\" name=\"post_id\" value=\"3057\"\/>\n\t\t\t<input type=\"hidden\" name=\"form_id\" value=\"dd17a10\"\/>\n\t\t\t<input type=\"hidden\" name=\"referer_title\" value=\"JSP\" \/>\n\n\t\t\t\n\t\t\t<div class=\"elementor-form-fields-wrapper elementor-labels-\">\n\t\t\t\t\t\t\t\t<div class=\"elementor-field-type-text elementor-field-group elementor-column elementor-field-group-field_ff889f9 elementor-col-50 elementor-field-required\">\n\t\t\t\t\t\t\t\t\t\t\t\t<label for=\"form-field-field_ff889f9\" class=\"elementor-field-label elementor-screen-only\">\n\t\t\t\t\t\t\t\tIme\t\t\t\t\t\t\t<\/label>\n\t\t\t\t\t\t\t\t\t\t\t\t\t\t<input size=\"1\" type=\"text\" name=\"form_fields[field_ff889f9]\" id=\"form-field-field_ff889f9\" class=\"elementor-field elementor-size-sm  elementor-field-textual\" placeholder=\"Ime\" required=\"required\">\n\t\t\t\t\t\t\t\t\t\t\t<\/div>\n\t\t\t\t\t\t\t\t<div class=\"elementor-field-type-text elementor-field-group elementor-column elementor-field-group-field_10a83ea elementor-col-50 elementor-field-required\">\n\t\t\t\t\t\t\t\t\t\t\t\t<label for=\"form-field-field_10a83ea\" class=\"elementor-field-label elementor-screen-only\">\n\t\t\t\t\t\t\t\tPrezime\t\t\t\t\t\t\t<\/label>\n\t\t\t\t\t\t\t\t\t\t\t\t\t\t<input size=\"1\" type=\"text\" name=\"form_fields[field_10a83ea]\" id=\"form-field-field_10a83ea\" class=\"elementor-field elementor-size-sm  elementor-field-textual\" placeholder=\"Prezime\" required=\"required\">\n\t\t\t\t\t\t\t\t\t\t\t<\/div>\n\t\t\t\t\t\t\t\t<div class=\"elementor-field-type-email elementor-field-group elementor-column elementor-field-group-email elementor-col-50 elementor-field-required\">\n\t\t\t\t\t\t\t\t\t\t\t\t<label for=\"form-field-email\" class=\"elementor-field-label elementor-screen-only\">\n\t\t\t\t\t\t\t\tEmail\t\t\t\t\t\t\t<\/label>\n\t\t\t\t\t\t\t\t\t\t\t\t\t\t<input size=\"1\" type=\"email\" name=\"form_fields[email]\" id=\"form-field-email\" class=\"elementor-field elementor-size-sm  elementor-field-textual\" placeholder=\"Email\" required=\"required\">\n\t\t\t\t\t\t\t\t\t\t\t<\/div>\n\t\t\t\t\t\t\t\t<div class=\"elementor-field-type-tel elementor-field-group elementor-column elementor-field-group-field_09e2aad elementor-col-50 elementor-field-required\">\n\t\t\t\t\t\t\t\t\t\t\t\t<label for=\"form-field-field_09e2aad\" class=\"elementor-field-label elementor-screen-only\">\n\t\t\t\t\t\t\t\tTelefon\t\t\t\t\t\t\t<\/label>\n\t\t\t\t\t\t\t\t<input size=\"1\" type=\"tel\" name=\"form_fields[field_09e2aad]\" id=\"form-field-field_09e2aad\" class=\"elementor-field elementor-size-sm  elementor-field-textual\" placeholder=\"Telefon\" required=\"required\" pattern=\"[0-9()#&amp;+*-=.]+\" title=\"Only numbers and phone characters (#, -, *, etc) are accepted.\">\n\n\t\t\t\t\t\t<\/div>\n\t\t\t\t\t\t\t\t<div class=\"elementor-field-type-text elementor-field-group elementor-column elementor-field-group-field_bd4c246 elementor-col-50 elementor-field-required\">\n\t\t\t\t\t\t\t\t\t\t\t\t<label for=\"form-field-field_bd4c246\" class=\"elementor-field-label elementor-screen-only\">\n\t\t\t\t\t\t\t\tBroj porud\u017ebine\t\t\t\t\t\t\t<\/label>\n\t\t\t\t\t\t\t\t\t\t\t\t\t\t<input size=\"1\" type=\"text\" name=\"form_fields[field_bd4c246]\" id=\"form-field-field_bd4c246\" class=\"elementor-field elementor-size-sm  elementor-field-textual\" placeholder=\"Broj porud\u017ebine\" required=\"required\">\n\t\t\t\t\t\t\t\t\t\t\t<\/div>\n\t\t\t\t\t\t\t\t<div class=\"elementor-field-type-date elementor-field-group elementor-column elementor-field-group-field_40a5cfa elementor-col-50 elementor-field-required\">\n\t\t\t\t\t\t\t\t\t\t\t\t<label for=\"form-field-field_40a5cfa\" class=\"elementor-field-label elementor-screen-only\">\n\t\t\t\t\t\t\t\tDatum poru\u010divanja\t\t\t\t\t\t\t<\/label>\n\t\t\t\t\t\t\n\t\t<input type=\"date\" name=\"form_fields[field_40a5cfa]\" id=\"form-field-field_40a5cfa\" class=\"elementor-field elementor-size-sm  elementor-field-textual elementor-date-field\" placeholder=\"Datum poru\u010divanja\" required=\"required\" pattern=\"[0-9]{4}-[0-9]{2}-[0-9]{2}\">\n\t\t\t\t\t\t<\/div>\n\t\t\t\t\t\t\t\t<div class=\"elementor-field-type-html elementor-field-group elementor-column elementor-field-group-field_399c2ad elementor-col-100\">\n\t\t\t\t\t<h3>Informacije o proizvodu<\/h3>\t\t\t\t<\/div>\n\t\t\t\t\t\t\t\t<div class=\"elementor-field-type-text elementor-field-group elementor-column elementor-field-group-name elementor-col-50 elementor-field-required\">\n\t\t\t\t\t\t\t\t\t\t\t\t<label for=\"form-field-name\" class=\"elementor-field-label elementor-screen-only\">\n\t\t\t\t\t\t\t\tIme kupljenog proizvoda\t\t\t\t\t\t\t<\/label>\n\t\t\t\t\t\t\t\t\t\t\t\t\t\t<input size=\"1\" type=\"text\" name=\"form_fields[name]\" id=\"form-field-name\" class=\"elementor-field elementor-size-sm  elementor-field-textual\" placeholder=\"Ime kupljenog proizvoda\" required=\"required\">\n\t\t\t\t\t\t\t\t\t\t\t<\/div>\n\t\t\t\t\t\t\t\t<div class=\"elementor-field-type-text elementor-field-group elementor-column elementor-field-group-field_cd8bdb4 elementor-col-50 elementor-field-required\">\n\t\t\t\t\t\t\t\t\t\t\t\t<label for=\"form-field-field_cd8bdb4\" class=\"elementor-field-label elementor-screen-only\">\n\t\t\t\t\t\t\t\t\u0160ifra proizvoda\t\t\t\t\t\t\t<\/label>\n\t\t\t\t\t\t\t\t\t\t\t\t\t\t<input size=\"1\" type=\"text\" name=\"form_fields[field_cd8bdb4]\" id=\"form-field-field_cd8bdb4\" class=\"elementor-field elementor-size-sm  elementor-field-textual\" placeholder=\"\u0160ifra proizvoda\" required=\"required\">\n\t\t\t\t\t\t\t\t\t\t\t<\/div>\n\t\t\t\t\t\t\t\t<div class=\"elementor-field-type-text elementor-field-group elementor-column elementor-field-group-field_1700058 elementor-col-33 elementor-field-required\">\n\t\t\t\t\t\t\t\t\t\t\t\t<label for=\"form-field-field_1700058\" class=\"elementor-field-label elementor-screen-only\">\n\t\t\t\t\t\t\t\tIme novog proizvoda\t\t\t\t\t\t\t<\/label>\n\t\t\t\t\t\t\t\t\t\t\t\t\t\t<input size=\"1\" type=\"text\" name=\"form_fields[field_1700058]\" id=\"form-field-field_1700058\" class=\"elementor-field elementor-size-sm  elementor-field-textual\" placeholder=\"Ime novog proizvoda\" required=\"required\">\n\t\t\t\t\t\t\t\t\t\t\t<\/div>\n\t\t\t\t\t\t\t\t<div class=\"elementor-field-type-text elementor-field-group elementor-column elementor-field-group-field_b8fe4ff elementor-col-33 elementor-field-required\">\n\t\t\t\t\t\t\t\t\t\t\t\t<label for=\"form-field-field_b8fe4ff\" class=\"elementor-field-label elementor-screen-only\">\n\t\t\t\t\t\t\t\t\u0160ifra nogog proizvoda\t\t\t\t\t\t\t<\/label>\n\t\t\t\t\t\t\t\t\t\t\t\t\t\t<input size=\"1\" type=\"text\" name=\"form_fields[field_b8fe4ff]\" id=\"form-field-field_b8fe4ff\" class=\"elementor-field elementor-size-sm  elementor-field-textual\" placeholder=\"\u0160ifra nogog proizvoda\" required=\"required\">\n\t\t\t\t\t\t\t\t\t\t\t<\/div>\n\t\t\t\t\t\t\t\t<div class=\"elementor-field-type-number elementor-field-group elementor-column elementor-field-group-field_df512c9 elementor-col-33 elementor-field-required\">\n\t\t\t\t\t\t\t\t\t\t\t\t<label for=\"form-field-field_df512c9\" class=\"elementor-field-label elementor-screen-only\">\n\t\t\t\t\t\t\t\tKoli\u010dina\t\t\t\t\t\t\t<\/label>\n\t\t\t\t\t\t\t\t\t<input type=\"number\" name=\"form_fields[field_df512c9]\" id=\"form-field-field_df512c9\" class=\"elementor-field elementor-size-sm  elementor-field-textual\" placeholder=\"Koli\u010dina\" required=\"required\" min=\"\" max=\"\" >\n\t\t\t\t\t\t<\/div>\n\t\t\t\t\t\t\t\t<div class=\"elementor-field-type-checkbox elementor-field-group elementor-column elementor-field-group-field_a8e7bf8 elementor-col-100\">\n\t\t\t\t\t\t\t\t\t\t\t\t<label for=\"form-field-field_a8e7bf8\" class=\"elementor-field-label elementor-screen-only\">\n\t\t\t\t\t\t\t\tRazlog zamene\t\t\t\t\t\t\t<\/label>\n\t\t\t\t\t\t<div class=\"elementor-field-subgroup  elementor-subgroup-inline\"><span class=\"elementor-field-option\"><input type=\"checkbox\" value=\"Gre\u0161ka na proizvodu\" id=\"form-field-field_a8e7bf8-0\" name=\"form_fields[field_a8e7bf8][]\"> <label for=\"form-field-field_a8e7bf8-0\">Gre\u0161ka na proizvodu<\/label><\/span><span class=\"elementor-field-option\"><input type=\"checkbox\" value=\"Gre\u0161ka pri porudzbini\" id=\"form-field-field_a8e7bf8-1\" name=\"form_fields[field_a8e7bf8][]\"> <label for=\"form-field-field_a8e7bf8-1\">Gre\u0161ka pri porudzbini<\/label><\/span><span class=\"elementor-field-option\"><input type=\"checkbox\" value=\"O\u0161te\u0107ena po\u0161iljka\" id=\"form-field-field_a8e7bf8-2\" name=\"form_fields[field_a8e7bf8][]\"> <label for=\"form-field-field_a8e7bf8-2\">O\u0161te\u0107ena po\u0161iljka<\/label><\/span><span class=\"elementor-field-option\"><input type=\"checkbox\" value=\"Pogresan proizvod isporu\u010den\" id=\"form-field-field_a8e7bf8-3\" name=\"form_fields[field_a8e7bf8][]\"> <label for=\"form-field-field_a8e7bf8-3\">Pogresan proizvod isporu\u010den<\/label><\/span><span class=\"elementor-field-option\"><input type=\"checkbox\" value=\"Veli\u010dina ne odgovara\" id=\"form-field-field_a8e7bf8-4\" name=\"form_fields[field_a8e7bf8][]\"> <label for=\"form-field-field_a8e7bf8-4\">Veli\u010dina ne odgovara<\/label><\/span><span class=\"elementor-field-option\"><input type=\"checkbox\" value=\"Paket je otvoren\" id=\"form-field-field_a8e7bf8-5\" name=\"form_fields[field_a8e7bf8][]\"> <label for=\"form-field-field_a8e7bf8-5\">Paket je otvoren<\/label><\/span><span class=\"elementor-field-option\"><input type=\"checkbox\" value=\"Paket nije otvoren\" id=\"form-field-field_a8e7bf8-6\" name=\"form_fields[field_a8e7bf8][]\"> <label for=\"form-field-field_a8e7bf8-6\">Paket nije otvoren<\/label><\/span><\/div>\t\t\t\t<\/div>\n\t\t\t\t\t\t\t\t<div class=\"elementor-field-type-textarea elementor-field-group elementor-column elementor-field-group-field_1cfe86c elementor-col-100\">\n\t\t\t\t\t\t\t\t\t\t\t\t<label for=\"form-field-field_1cfe86c\" class=\"elementor-field-label elementor-screen-only\">\n\t\t\t\t\t\t\t\tDetalji zamene\t\t\t\t\t\t\t<\/label>\n\t\t\t\t\t\t<textarea class=\"elementor-field-textual elementor-field  elementor-size-sm\" name=\"form_fields[field_1cfe86c]\" id=\"form-field-field_1cfe86c\" rows=\"4\" placeholder=\"Ukratko mo\u017eete napisati detalje zamene...\"><\/textarea>\t\t\t\t<\/div>\n\t\t\t\t\t\t\t\t<div class=\"elementor-field-group elementor-column elementor-field-type-submit elementor-col-100 e-form__buttons\">\n\t\t\t\t\t<button class=\"elementor-button elementor-size-sm elementor-animation-float\" type=\"submit\">\n\t\t\t\t\t\t<span class=\"elementor-button-content-wrapper\">\n\t\t\t\t\t\t\t\t\t\t\t\t\t\t\t\t\t\t\t\t\t\t<span class=\"elementor-button-text\">Po\u0161alji<\/span>\n\t\t\t\t\t\t\t\t\t\t\t\t\t<\/span>\n\t\t\t\t\t<\/button>\n\t\t\t\t<\/div>\n\t\t\t<\/div>\n\t\t<\/form>\n\t\t\t\t\t\t<\/div>\n\t\t\t\t<\/div>\n\t\t\t\t\t<\/div>\n\t\t\t\t<\/div>\n\t\t\t\t\t<\/div>\n\t\t\t\t<\/div>\n\t\t\t\t\t<\/div>\n\t\t\t\t<\/div>\n\t\t\t\t<\/div>\n\t\t","protected":false},"excerpt":{"rendered":"<p>Zamena robe Molimo Vas da popunite formular za zamenu robe. Istorija porud\u017ebine<\/p>","protected":false},"author":8,"featured_media":0,"parent":15764,"menu_order":0,"comment_status":"closed","ping_status":"closed","template":"elementor_header_footer","meta":{"_acf_changed":false,"footnotes":""},"class_list":["post-3057","page","type-page","status-publish","hentry"],"acf":[],"jetpack_sharing_enabled":true,"_links":{"self":[{"href":"https:\/\/jspfashion.com\/en\/wp-json\/wp\/v2\/pages\/3057","targetHints":{"allow":["GET"]}}],"collection":[{"href":"https:\/\/jspfashion.com\/en\/wp-json\/wp\/v2\/pages"}],"about":[{"href":"https:\/\/jspfashion.com\/en\/wp-json\/wp\/v2\/types\/page"}],"author":[{"embeddable":true,"href":"https:\/\/jspfashion.com\/en\/wp-json\/wp\/v2\/users\/8"}],"replies":[{"embeddable":true,"href":"https:\/\/jspfashion.com\/en\/wp-json\/wp\/v2\/comments?post=3057"}],"version-history":[{"count":0,"href":"https:\/\/jspfashion.com\/en\/wp-json\/wp\/v2\/pages\/3057\/revisions"}],"up":[{"embeddable":true,"href":"https:\/\/jspfashion.com\/en\/wp-json\/wp\/v2\/pages\/15764"}],"wp:attachment":[{"href":"https:\/\/jspfashion.com\/en\/wp-json\/wp\/v2\/media?parent=3057"}],"curies":[{"name":"Wordpress","href":"https:\/\/api.w.org\/{rel}","templated":true}]}}